{"id":649,"date":"2023-08-03T15:03:54","date_gmt":"2023-08-03T18:03:54","guid":{"rendered":"https:\/\/xadrezdospequenosmestres.com.br\/?page_id=649"},"modified":"2023-09-11T08:31:10","modified_gmt":"2023-09-11T11:31:10","slug":"cadastro","status":"publish","type":"page","link":"https:\/\/xadrezdospequenosmestres.com.br\/index.php\/cadastro\/","title":{"rendered":"Cadastro"},"content":{"rendered":"\t\t<div data-elementor-type=\"wp-page\" data-elementor-id=\"649\" class=\"elementor elementor-649\" data-elementor-post-type=\"page\">\n\t\t\t\t<div class=\"elementor-element elementor-element-f4e8d81 e-flex e-con-boxed e-con e-parent\" data-id=\"f4e8d81\" data-element_type=\"container\" data-e-type=\"container\" data-settings=\"{&quot;background_background&quot;:&quot;classic&quot;}\">\n\t\t\t\t\t<div class=\"e-con-inner\">\n\t\t<div class=\"elementor-element elementor-element-81b3679 e-con-full pa-display-conditions-yes e-flex e-con e-parent\" data-id=\"81b3679\" data-element_type=\"container\" data-e-type=\"container\" data-settings=\"{&quot;background_background&quot;:&quot;classic&quot;,&quot;pa_display_conditions_switcher&quot;:&quot;yes&quot;}\">\n\t\t<div class=\"elementor-element elementor-element-cf99fd7 e-flex e-con-boxed e-con e-parent\" data-id=\"cf99fd7\" data-element_type=\"container\" data-e-type=\"container\">\n\t\t\t\t\t<div class=\"e-con-inner\">\n\t\t\t\t<div class=\"elementor-element elementor-element-e7288f5 elementor-widget elementor-widget-heading\" data-id=\"e7288f5\" data-element_type=\"widget\" data-e-type=\"widget\" data-widget_type=\"heading.default\">\n\t\t\t\t<div class=\"elementor-widget-container\">\n\t\t\t\t\t<h2 class=\"elementor-heading-title elementor-size-default\">Cadastre-se<\/h2>\t\t\t\t<\/div>\n\t\t\t\t<\/div>\n\t\t\t\t<div class=\"elementor-element elementor-element-3498943 elementor-widget elementor-widget-text-editor\" data-id=\"3498943\" data-element_type=\"widget\" data-e-type=\"widget\" data-widget_type=\"text-editor.default\">\n\t\t\t\t<div class=\"elementor-widget-container\">\n\t\t\t\t\t\t\t\t\t<p style=\"text-align: center;\">Para acessar a <strong>\u00c1rea do Professor<\/strong> \u00e9 necess\u00e1rio criar um usu\u00e1rio.<\/p><p style=\"text-align: center;\">Ap\u00f3s preencher e enviar os dados abaixo, analisamos as informa\u00e7\u00f5es e liberamos o acesso em at\u00e9 24 horas.\u00a0<\/p><p style=\"text-align: center;\">Acesso dispon\u00edvel apenas para clientes.<\/p>\t\t\t\t\t\t\t\t<\/div>\n\t\t\t\t<\/div>\n\t\t\t\t<div class=\"elementor-element elementor-element-789dce2 elementor-widget elementor-widget-shortcode\" data-id=\"789dce2\" data-element_type=\"widget\" data-e-type=\"widget\" data-widget_type=\"shortcode.default\">\n\t\t\t\t<div class=\"elementor-widget-container\">\n\t\t\t\t\t\t\t<div class=\"elementor-shortcode\"><form id=\"forminator-module-660\" class=\"forminator-custom-form forminator-custom-form-660\" method=\"post\" data-forminator-render=\"0\" data-uid=\"69f99b8cdd401\"><div role=\"alert\" aria-live=\"polite\" class=\"forminator-response-message forminator-error\" aria-hidden=\"true\"><\/div><\/form><\/div>\n\t\t\t\t\t\t<\/div>\n\t\t\t\t<\/div>\n\t\t\t\t\t<\/div>\n\t\t\t\t<\/div>\n\t\t\t\t<\/div>\n\t\t\t\t\t<\/div>\n\t\t\t\t<\/div>\n\t\t\t\t<\/div>\n\t\t","protected":false},"excerpt":{"rendered":"<p>Cadastre-se Para acessar a \u00c1rea do Professor \u00e9 necess\u00e1rio criar um usu\u00e1rio. Ap\u00f3s preencher e enviar os dados abaixo, analisamos as informa\u00e7\u00f5es e liberamos o acesso em at\u00e9 24 horas.\u00a0 Acesso dispon\u00edvel apenas para clientes.<\/p>\n","protected":false},"author":1,"featured_media":0,"parent":0,"menu_order":0,"comment_status":"closed","ping_status":"closed","template":"","meta":{"_acf_changed":false,"footnotes":""},"class_list":["post-649","page","type-page","status-publish","hentry"],"acf":[],"_links":{"self":[{"href":"https:\/\/xadrezdospequenosmestres.com.br\/index.php\/wp-json\/wp\/v2\/pages\/649","targetHints":{"allow":["GET"]}}],"collection":[{"href":"https:\/\/xadrezdospequenosmestres.com.br\/index.php\/wp-json\/wp\/v2\/pages"}],"about":[{"href":"https:\/\/xadrezdospequenosmestres.com.br\/index.php\/wp-json\/wp\/v2\/types\/page"}],"author":[{"embeddable":true,"href":"https:\/\/xadrezdospequenosmestres.com.br\/index.php\/wp-json\/wp\/v2\/users\/1"}],"replies":[{"embeddable":true,"href":"https:\/\/xadrezdospequenosmestres.com.br\/index.php\/wp-json\/wp\/v2\/comments?post=649"}],"version-history":[{"count":0,"href":"https:\/\/xadrezdospequenosmestres.com.br\/index.php\/wp-json\/wp\/v2\/pages\/649\/revisions"}],"wp:attachment":[{"href":"https:\/\/xadrezdospequenosmestres.com.br\/index.php\/wp-json\/wp\/v2\/media?parent=649"}],"curies":[{"name":"wp","href":"https:\/\/api.w.org\/{rel}","templated":true}]}}